{"id":998,"date":"2023-08-28T16:42:42","date_gmt":"2023-08-28T14:42:42","guid":{"rendered":"https:\/\/paletten-service-dudin.de\/?post_type=product&#038;p=998"},"modified":"2024-06-08T15:40:17","modified_gmt":"2024-06-08T13:40:17","slug":"palettenaufsatzrahmen","status":"publish","type":"product","link":"https:\/\/paletten-service-dudin.de\/de_de\/shop\/boxen\/palettenausatzrahmen\/palettenaufsatzrahmen\/","title":{"rendered":"Palettenaufsatzrahmen"},"content":{"rendered":"<p>Maximieren Sie Ihre Laderaumkapazit\u00e4t mit unseren Palettenaufsatzrahmen. Diese Rahmen lassen sich leicht auf bestehende Paletten setzen und bieten zus\u00e4tzliche H\u00f6he, um mehr G\u00fcter zu transportieren oder zu lagern. Sie sind in verschiedenen H\u00f6hen erh\u00e4ltlich und k\u00f6nnen flexibel an Ihre Anforderungen angepasst werden.<\/p>\n","protected":false},"excerpt":{"rendered":"&nbsp;\n\ud83d\ude9a Direktanlieferung im Umkreis von 200 km\n\u2705 Entdecken Sie unsere vielf\u00e4ltigen L\u00f6sungen f\u00fcr den Palettenbedarf\n\u2705 Vertrauen Sie auf Qualit\u00e4t und Erfahrung f\u00fcr Ihren Warentransport\n\u2705 Kontaktieren Sie uns f\u00fcr ma\u00dfgeschneiderte Palettenl\u00f6sungen","protected":false},"featured_media":1145,"comment_status":"open","ping_status":"closed","template":"","meta":[],"product_brand":[],"product_cat":[15],"product_tag":[],"class_list":{"0":"post-998","1":"product","2":"type-product","3":"status-publish","4":"has-post-thumbnail","6":"product_cat-palettenausatzrahmen","7":"cs-entry","9":"first","10":"instock","11":"taxable","12":"shipping-taxable","13":"purchasable","14":"product-type-simple"},"aioseo_notices":[],"_links":{"self":[{"href":"https:\/\/paletten-service-dudin.de\/de_de\/wp-json\/wp\/v2\/product\/998","targetHints":{"allow":["GET"]}}],"collection":[{"href":"https:\/\/paletten-service-dudin.de\/de_de\/wp-json\/wp\/v2\/product"}],"about":[{"href":"https:\/\/paletten-service-dudin.de\/de_de\/wp-json\/wp\/v2\/types\/product"}],"replies":[{"embeddable":true,"href":"https:\/\/paletten-service-dudin.de\/de_de\/wp-json\/wp\/v2\/comments?post=998"}],"wp:featuredmedia":[{"embeddable":true,"href":"https:\/\/paletten-service-dudin.de\/de_de\/wp-json\/wp\/v2\/media\/1145"}],"wp:attachment":[{"href":"https:\/\/paletten-service-dudin.de\/de_de\/wp-json\/wp\/v2\/media?parent=998"}],"wp:term":[{"taxonomy":"product_brand","embeddable":true,"href":"https:\/\/paletten-service-dudin.de\/de_de\/wp-json\/wp\/v2\/product_brand?post=998"},{"taxonomy":"product_cat","embeddable":true,"href":"https:\/\/paletten-service-dudin.de\/de_de\/wp-json\/wp\/v2\/product_cat?post=998"},{"taxonomy":"product_tag","embeddable":true,"href":"https:\/\/paletten-service-dudin.de\/de_de\/wp-json\/wp\/v2\/product_tag?post=998"}],"curies":[{"name":"wp","href":"https:\/\/api.w.org\/{rel}","templated":true}]}}