{"id":995,"date":"2023-08-28T16:39:29","date_gmt":"2023-08-28T14:39:29","guid":{"rendered":"https:\/\/paletten-service-dudin.de\/?post_type=product&#038;p=995"},"modified":"2024-06-08T15:40:10","modified_gmt":"2024-06-08T13:40:10","slug":"europaletten-epal","status":"publish","type":"product","link":"https:\/\/paletten-service-dudin.de\/de_de\/shop\/paletten\/euro-paletten\/europaletten-epal\/","title":{"rendered":"Europaletten (EPAL)"},"content":{"rendered":"<p>Unsere Europaletten entsprechen den strengen EPAL-Normen und sind die ideale L\u00f6sung f\u00fcr den sicheren und effizienten Transport Ihrer Waren. Mit einer Tragf\u00e4higkeit von bis zu 2.000 kg bieten sie eine zuverl\u00e4ssige Basis f\u00fcr Ihre Fracht. Die Ma\u00dfe von 120 x 80 cm machen sie kompatibel mit g\u00e4ngigen Logistiksystemen. Stapelbarkeit und Robustheit sorgen daf\u00fcr, dass Ihre G\u00fcter sicher gelagert und transportiert werden.<\/p>\n","protected":false},"excerpt":{"rendered":"&nbsp;\n\ud83d\ude9a Direktanlieferung im Umkreis von 200 km\n\u2705 Entdecken Sie unsere vielf\u00e4ltigen L\u00f6sungen f\u00fcr den Palettenbedarf\n\u2705 Vertrauen Sie auf Qualit\u00e4t und Erfahrung f\u00fcr Ihren Warentransport\n\u2705 Kontaktieren Sie uns f\u00fcr ma\u00dfgeschneiderte Palettenl\u00f6sungen","protected":false},"featured_media":1139,"comment_status":"open","ping_status":"closed","template":"","meta":[],"product_brand":[],"product_cat":[32,31],"product_tag":[],"class_list":{"0":"post-995","1":"product","2":"type-product","3":"status-publish","4":"has-post-thumbnail","6":"product_cat-euro-paletten","7":"product_cat-paletten","8":"cs-entry","10":"first","11":"instock","12":"taxable","13":"shipping-taxable","14":"purchasable","15":"product-type-simple"},"aioseo_notices":[],"_links":{"self":[{"href":"https:\/\/paletten-service-dudin.de\/de_de\/wp-json\/wp\/v2\/product\/995","targetHints":{"allow":["GET"]}}],"collection":[{"href":"https:\/\/paletten-service-dudin.de\/de_de\/wp-json\/wp\/v2\/product"}],"about":[{"href":"https:\/\/paletten-service-dudin.de\/de_de\/wp-json\/wp\/v2\/types\/product"}],"replies":[{"embeddable":true,"href":"https:\/\/paletten-service-dudin.de\/de_de\/wp-json\/wp\/v2\/comments?post=995"}],"wp:featuredmedia":[{"embeddable":true,"href":"https:\/\/paletten-service-dudin.de\/de_de\/wp-json\/wp\/v2\/media\/1139"}],"wp:attachment":[{"href":"https:\/\/paletten-service-dudin.de\/de_de\/wp-json\/wp\/v2\/media?parent=995"}],"wp:term":[{"taxonomy":"product_brand","embeddable":true,"href":"https:\/\/paletten-service-dudin.de\/de_de\/wp-json\/wp\/v2\/product_brand?post=995"},{"taxonomy":"product_cat","embeddable":true,"href":"https:\/\/paletten-service-dudin.de\/de_de\/wp-json\/wp\/v2\/product_cat?post=995"},{"taxonomy":"product_tag","embeddable":true,"href":"https:\/\/paletten-service-dudin.de\/de_de\/wp-json\/wp\/v2\/product_tag?post=995"}],"curies":[{"name":"wp","href":"https:\/\/api.w.org\/{rel}","templated":true}]}}