{"id":1148,"date":"2023-09-09T08:58:48","date_gmt":"2023-09-09T06:58:48","guid":{"rendered":"https:\/\/paletten-service-dudin.de\/?post_type=product&#038;p=1148"},"modified":"2024-06-08T15:40:17","modified_gmt":"2024-06-08T13:40:17","slug":"einwegpaletten-kopie","status":"publish","type":"product","link":"https:\/\/paletten-service-dudin.de\/de_de\/shop\/paletten\/einwegpaletten\/einwegpaletten-kopie\/","title":{"rendered":"Einwegpaletten"},"content":{"rendered":"<p>Wenn Sie eine kosteng\u00fcnstige L\u00f6sung f\u00fcr den einmaligen Gebrauch suchen, sind unsere Einwegpaletten die richtige Wahl. Sie sind leicht, einfach zu handhaben und dennoch stabil genug, um Ihre Waren sicher zu transportieren. Mit den Ma\u00dfen 120 x 80 cm passen sie problemlos in Standardlogistiksysteme. Perfekt f\u00fcr den gelegentlichen Versand von Waren.<\/p>\n","protected":false},"excerpt":{"rendered":"&nbsp;\n\ud83d\ude9a Direktanlieferung im Umkreis von 200 km\n\u2705 Entdecken Sie unsere vielf\u00e4ltigen L\u00f6sungen f\u00fcr den Palettenbedarf\n\u2705 Vertrauen Sie auf Qualit\u00e4t und Erfahrung f\u00fcr Ihren Warentransport\n\u2705 Kontaktieren Sie uns f\u00fcr ma\u00dfgeschneiderte Palettenl\u00f6sungen","protected":false},"featured_media":1147,"comment_status":"open","ping_status":"closed","template":"","meta":[],"product_brand":[],"product_cat":[33,31],"product_tag":[],"class_list":{"0":"post-1148","1":"product","2":"type-product","3":"status-publish","4":"has-post-thumbnail","6":"product_cat-einwegpaletten","7":"product_cat-paletten","8":"cs-entry","10":"first","11":"instock","12":"taxable","13":"shipping-taxable","14":"purchasable","15":"product-type-simple"},"aioseo_notices":[],"_links":{"self":[{"href":"https:\/\/paletten-service-dudin.de\/de_de\/wp-json\/wp\/v2\/product\/1148","targetHints":{"allow":["GET"]}}],"collection":[{"href":"https:\/\/paletten-service-dudin.de\/de_de\/wp-json\/wp\/v2\/product"}],"about":[{"href":"https:\/\/paletten-service-dudin.de\/de_de\/wp-json\/wp\/v2\/types\/product"}],"replies":[{"embeddable":true,"href":"https:\/\/paletten-service-dudin.de\/de_de\/wp-json\/wp\/v2\/comments?post=1148"}],"wp:featuredmedia":[{"embeddable":true,"href":"https:\/\/paletten-service-dudin.de\/de_de\/wp-json\/wp\/v2\/media\/1147"}],"wp:attachment":[{"href":"https:\/\/paletten-service-dudin.de\/de_de\/wp-json\/wp\/v2\/media?parent=1148"}],"wp:term":[{"taxonomy":"product_brand","embeddable":true,"href":"https:\/\/paletten-service-dudin.de\/de_de\/wp-json\/wp\/v2\/product_brand?post=1148"},{"taxonomy":"product_cat","embeddable":true,"href":"https:\/\/paletten-service-dudin.de\/de_de\/wp-json\/wp\/v2\/product_cat?post=1148"},{"taxonomy":"product_tag","embeddable":true,"href":"https:\/\/paletten-service-dudin.de\/de_de\/wp-json\/wp\/v2\/product_tag?post=1148"}],"curies":[{"name":"wp","href":"https:\/\/api.w.org\/{rel}","templated":true}]}}