{"id":88,"date":"2023-06-13T06:02:33","date_gmt":"2023-06-13T06:02:33","guid":{"rendered":"https:\/\/cascade.codesupply.co\/interior\/?page_id=88"},"modified":"2024-12-11T17:33:43","modified_gmt":"2024-12-11T16:33:43","slug":"homepage","status":"publish","type":"page","link":"https:\/\/paletten-service-dudin.de\/de_de\/","title":{"rendered":"Homepage"},"content":{"rendered":"\t\t<div data-elementor-type=\"wp-page\" data-elementor-id=\"88\" class=\"elementor elementor-88\" data-elementor-post-type=\"page\">\n\t\t\t\t\t\t<section class=\"elementor-section elementor-top-section elementor-element elementor-element-cffb798 elementor-section-boxed elementor-section-height-default elementor-section-height-default\" data-id=\"cffb798\" data-element_type=\"section\" data-e-type=\"section\">\n\t\t\t\t\t\t<div class=\"elementor-container elementor-column-gap-default\">\n\t\t\t\t\t<div class=\"elementor-column elementor-col-100 elementor-top-column elementor-element elementor-element-9edd9dc\" data-id=\"9edd9dc\" data-element_type=\"column\" data-e-type=\"column\">\n\t\t\t<div class=\"elementor-widget-wrap elementor-element-populated\">\n\t\t\t\t\t\t<div class=\"elementor-element elementor-element-7559c17 elementor-widget elementor-widget-cs-hero\" data-id=\"7559c17\" data-element_type=\"widget\" data-e-type=\"widget\" data-widget_type=\"cs-hero.default\">\n\t\t\t\t<div class=\"elementor-widget-container\">\n\t\t\t\t\t\t\t<section class=\" cs-hero cs-hero-left\">\n\n\t\t\t\t\t\t\t<div class=\"cs-hero__image cs-hero__image-default\">\n\t\t\t\t\t<img fetchpriority=\"high\" decoding=\"async\" width=\"700\" height=\"600\" src=\"https:\/\/paletten-service-dudin.de\/wp-content\/uploads\/2023\/08\/cwhd1kf4.png\" class=\"attachment-full size-full\" alt=\"\" srcset=\"https:\/\/paletten-service-dudin.de\/wp-content\/uploads\/2023\/08\/cwhd1kf4.png 700w, https:\/\/paletten-service-dudin.de\/wp-content\/uploads\/2023\/08\/cwhd1kf4-600x514.png 600w, https:\/\/paletten-service-dudin.de\/wp-content\/uploads\/2023\/08\/cwhd1kf4-300x257.png 300w, https:\/\/paletten-service-dudin.de\/wp-content\/uploads\/2023\/08\/cwhd1kf4-14x12.png 14w, https:\/\/paletten-service-dudin.de\/wp-content\/uploads\/2023\/08\/cwhd1kf4-306x262.png 306w\" sizes=\"(max-width: 700px) 100vw, 700px\" \/>\t\t\t\t<\/div>\n\t\t\t\n\t\t\t<div class=\"cs-hero__content cs-hero__content-default\">\n\t\t\t\t\t\t\t\t\t<div class=\"cs-hero__info\">\n\t\t\t\t\t\t\t\t\t\t\t\t\t<h1 class=\"cs-hero__heading\">\n\t\t\t\t\t\t\t\tWir sind Ihr zuverl\u00e4ssiger Partner f\u00fcr Palettenl\u00f6sungen.\t\t\t\t\t\t\t<\/h1>\n\t\t\t\t\t\t\n\t\t\t\t\t\t\t\t\t\t\t\t\t<div class=\"cs-hero__button\">\n\t\t\t\t\t\t\t\t<a class=\"cs-button cs-button-arrow\" href=\"https:\/\/paletten-service-dudin.de\/shop\" target=\"_self\">\n\t\t\t\t\t\t\t\t\tZu den Paletten\t\t\t\t\t\t\t\t<\/a>\n\t\t\t\t\t\t\t<\/div>\n\t\t\t\t\t\t\t\t\t\t\t<\/div>\n\t\t\t\t\t\t\t\t\t\t\t\t\t<div class=\"cs-hero__description\">\n\t\t\t\t\t\t\t\t\t\t\t\t\t<div class=\"cs-hero__sub-heading\">Paletten-Service-Dudin<\/div>\n\t\t\t\t\t\t\t\t\t\t\t\t\t\t\t\t\t\t\t<div class=\"cs-hero__desc\"><p>Kauf und Verkauf von Europaletten, Gitterboxen, Einwegpaletten, Aufsatzrahmen und mehr. Unser Engagement gilt h\u00f6chster Qualit\u00e4t und exzellentem Kundenservice.<\/p><\/div>\n\t\t\t\t\t\t\t\t\t\t\t<\/div>\n\t\t\t\t\t\t\t<\/div>\n\n\t\t<\/section>\n\t\t\t\t\t\t<\/div>\n\t\t\t\t<\/div>\n\t\t\t\t\t<\/div>\n\t\t<\/div>\n\t\t\t\t\t<\/div>\n\t\t<\/section>\n\t\t\t\t<section class=\"elementor-section elementor-top-section elementor-element elementor-element-55a3629 elementor-section-boxed elementor-section-height-default elementor-section-height-default\" data-id=\"55a3629\" data-element_type=\"section\" data-e-type=\"section\">\n\t\t\t\t\t\t<div class=\"elementor-container elementor-column-gap-default\">\n\t\t\t\t\t<div class=\"elementor-column elementor-col-100 elementor-top-column elementor-element elementor-element-336c067\" data-id=\"336c067\" data-element_type=\"column\" data-e-type=\"column\">\n\t\t\t<div class=\"elementor-widget-wrap elementor-element-populated\">\n\t\t\t\t\t\t<div class=\"elementor-element elementor-element-895fa1b elementor-widget elementor-widget-cs-categories\" data-id=\"895fa1b\" data-element_type=\"widget\" data-e-type=\"widget\" data-widget_type=\"cs-categories.default\">\n\t\t\t\t<div class=\"elementor-widget-container\">\n\t\t\t\t\t\n\t\t<section class=\"cs-product-categories\">\n\n\t\t\t\t\t\t\t<div class=\"cs-product-categories__header\">\n\n\t\t\t\t\t\t\t\t\t\t\t<h2 class=\"cs-product-categories__heading\">\n\t\t\t\t\t\t\tUnsere Produkte\t\t\t\t\t\t<\/h2>\n\t\t\t\t\t\n\t\t\t\t\t\t\t\t\t\t\t<div class=\"cs-product-categories__button\">\n\t\t\t\t\t\t\t<a class=\"cs-button cs-button-arrow\" href=\"https:\/\/paletten-service-dudin.de\/de_de\/produkt-kategorie\/paletten\/\" target=\"_self\">\n\t\t\t\t\t\t\t\tJetzt Anfragen\t\t\t\t\t\t\t<\/a>\n\t\t\t\t\t\t<\/div>\n\t\t\t\t\t\n\t\t\t\t<\/div>\n\t\t\t\n\t\t\t<div class=\"cs-product-categories__grid cs-product-categories__grid-style3\">\n\t\t\t\t\t\t\t\t\t<a class=\"cs-product-categories__cat\" href=\"https:\/\/paletten-service-dudin.de\/de_de\/produkt-kategorie\/paletten\/\" data-scheme=\"inverse\">\n\t\t\t\t\t\t\t\t\t\t\t\t\t<img decoding=\"async\" width=\"700\" height=\"600\" src=\"https:\/\/paletten-service-dudin.de\/wp-content\/uploads\/2023\/09\/Europalette-1.jpg\" class=\"attachment-csco-large-uncropped size-csco-large-uncropped\" alt=\"\" srcset=\"https:\/\/paletten-service-dudin.de\/wp-content\/uploads\/2023\/09\/Europalette-1.jpg 700w, https:\/\/paletten-service-dudin.de\/wp-content\/uploads\/2023\/09\/Europalette-1-600x514.jpg 600w, https:\/\/paletten-service-dudin.de\/wp-content\/uploads\/2023\/09\/Europalette-1-300x257.jpg 300w, https:\/\/paletten-service-dudin.de\/wp-content\/uploads\/2023\/09\/Europalette-1-14x12.jpg 14w, https:\/\/paletten-service-dudin.de\/wp-content\/uploads\/2023\/09\/Europalette-1-306x262.jpg 306w\" sizes=\"(max-width: 700px) 100vw, 700px\" \/>\t\t\t\t\t\t\n\t\t\t\t\t\t<h3 class=\"cs-product-categories__cat-title\">\n\t\t\t\t\t\t\tPaletten\t\t\t\t\t\t<\/h3>\n\n\t\t\t\t\t\t\t\t\t\t\t<\/a>\n\t\t\t\t\t\t\t\t\t\t<a class=\"cs-product-categories__cat\" href=\"https:\/\/paletten-service-dudin.de\/de_de\/produkt-kategorie\/boxen\/euro-epal-gitterboxen\/\" data-scheme=\"inverse\">\n\t\t\t\t\t\t\t\t\t\t\t\t\t<img decoding=\"async\" width=\"700\" height=\"600\" src=\"https:\/\/paletten-service-dudin.de\/wp-content\/uploads\/2023\/09\/Gitterbox.jpg\" class=\"attachment-csco-medium-uncropped size-csco-medium-uncropped\" alt=\"\" srcset=\"https:\/\/paletten-service-dudin.de\/wp-content\/uploads\/2023\/09\/Gitterbox.jpg 700w, https:\/\/paletten-service-dudin.de\/wp-content\/uploads\/2023\/09\/Gitterbox-600x514.jpg 600w, https:\/\/paletten-service-dudin.de\/wp-content\/uploads\/2023\/09\/Gitterbox-300x257.jpg 300w, https:\/\/paletten-service-dudin.de\/wp-content\/uploads\/2023\/09\/Gitterbox-14x12.jpg 14w, https:\/\/paletten-service-dudin.de\/wp-content\/uploads\/2023\/09\/Gitterbox-306x262.jpg 306w\" sizes=\"(max-width: 700px) 100vw, 700px\" \/>\t\t\t\t\t\t\n\t\t\t\t\t\t<h3 class=\"cs-product-categories__cat-title\">\n\t\t\t\t\t\t\tEURO-(EPAL)-Gitterboxen\t\t\t\t\t\t<\/h3>\n\n\t\t\t\t\t\t\t\t\t\t\t<\/a>\n\t\t\t\t\t\t\t\t<\/div>\n\n\t\t<\/section>\n\t\t\t\t\t\t<\/div>\n\t\t\t\t<\/div>\n\t\t\t\t\t<\/div>\n\t\t<\/div>\n\t\t\t\t\t<\/div>\n\t\t<\/section>\n\t\t\t\t<section class=\"elementor-section elementor-top-section elementor-element elementor-element-c0d5202 elementor-section-boxed elementor-section-height-default elementor-section-height-default\" data-id=\"c0d5202\" data-element_type=\"section\" data-e-type=\"section\">\n\t\t\t\t\t\t<div class=\"elementor-container elementor-column-gap-default\">\n\t\t\t\t\t<div class=\"elementor-column elementor-col-50 elementor-top-column elementor-element elementor-element-bd02653\" data-id=\"bd02653\" data-element_type=\"column\" data-e-type=\"column\">\n\t\t\t<div class=\"elementor-widget-wrap elementor-element-populated\">\n\t\t\t\t\t\t<div class=\"elementor-element elementor-element-1dee58b elementor-widget elementor-widget-heading\" data-id=\"1dee58b\" data-element_type=\"widget\" data-e-type=\"widget\" data-widget_type=\"heading.default\">\n\t\t\t\t<div class=\"elementor-widget-container\">\n\t\t\t\t\t<h2 class=\"elementor-heading-title elementor-size-default\">Anfahrt und Kontakt -<\/h2>\t\t\t\t<\/div>\n\t\t\t\t<\/div>\n\t\t\t\t<div class=\"elementor-element elementor-element-c5ce315 elementor-widget elementor-widget-text-editor\" data-id=\"c5ce315\" data-element_type=\"widget\" data-e-type=\"widget\" data-widget_type=\"text-editor.default\">\n\t\t\t\t<div class=\"elementor-widget-container\">\n\t\t\t\t\t\t\t\t\t<p>Paletten-Service-Dudin<br \/>An der Hopfendarre 7, 09212 Limbach-Oberfrohna.<\/p><p>\u00a0<\/p><p>E-Mail: <a href=\"mailto:info@paletten-service-dudin.de\">info@paletten-service-dudin.de<\/a><\/p><p>Telefon: <a href=\"tel:+49 162 7426409\">+49 162 7426409<\/a><\/p>\t\t\t\t\t\t\t\t<\/div>\n\t\t\t\t<\/div>\n\t\t\t\t\t<\/div>\n\t\t<\/div>\n\t\t\t\t<div class=\"elementor-column elementor-col-50 elementor-top-column elementor-element elementor-element-2d02ffe\" data-id=\"2d02ffe\" data-element_type=\"column\" data-e-type=\"column\">\n\t\t\t<div class=\"elementor-widget-wrap elementor-element-populated\">\n\t\t\t\t\t\t<div class=\"elementor-element elementor-element-8c7fa86 elementor-widget elementor-widget-text-editor\" data-id=\"8c7fa86\" data-element_type=\"widget\" data-e-type=\"widget\" data-widget_type=\"text-editor.default\">\n\t\t\t\t<div class=\"elementor-widget-container\">\n\t\t\t\t\t\t\t\t\t<p>Unsere \u00d6ffnungszeiten: Mo-Fr: 08:00 &#8211; 17:00<\/p>\t\t\t\t\t\t\t\t<\/div>\n\t\t\t\t<\/div>\n\t\t\t\t<div class=\"elementor-element elementor-element-c5ed708 elementor-button-align-stretch elementor-widget elementor-widget-form\" data-id=\"c5ed708\" data-element_type=\"widget\" data-e-type=\"widget\" id=\"kontakt\" data-settings=\"{&quot;step_next_label&quot;:&quot;Next&quot;,&quot;step_previous_label&quot;:&quot;Previous&quot;,&quot;button_width&quot;:&quot;100&quot;,&quot;step_type&quot;:&quot;number_text&quot;,&quot;step_icon_shape&quot;:&quot;circle&quot;}\" data-widget_type=\"form.default\">\n\t\t\t\t<div class=\"elementor-widget-container\">\n\t\t\t\t\t\t\t<form class=\"elementor-form\" method=\"post\" >\n\t\t\t<input type=\"hidden\" name=\"post_id\" value=\"88\"\/>\n\t\t\t<input type=\"hidden\" name=\"form_id\" value=\"c5ed708\"\/>\n\t\t\t<input type=\"hidden\" name=\"referer_title\" value=\"Paletten-Service-Dudin - Kauf und Verkauf\" \/>\n\n\t\t\t\t\t\t\t<input type=\"hidden\" name=\"queried_id\" value=\"88\"\/>\n\t\t\t\n\t\t\t<div class=\"elementor-form-fields-wrapper elementor-labels-above\">\n\t\t\t\t\t\t\t\t<div class=\"elementor-field-type-text elementor-field-group elementor-column elementor-field-group-field_d9a2374 elementor-col-100 elementor-field-required elementor-mark-required\">\n\t\t\t\t\t\t\t\t\t\t\t\t<label for=\"form-field-field_d9a2374\" class=\"elementor-field-label\">\n\t\t\t\t\t\t\t\tName\t\t\t\t\t\t\t<\/label>\n\t\t\t\t\t\t\t\t\t\t\t\t\t\t<input size=\"1\" type=\"text\" name=\"form_fields[field_d9a2374]\" id=\"form-field-field_d9a2374\" class=\"elementor-field elementor-size-sm  elementor-field-textual\" required=\"required\" aria-required=\"true\">\n\t\t\t\t\t\t\t\t\t\t\t<\/div>\n\t\t\t\t\t\t\t\t<div class=\"elementor-field-type-text elementor-field-group elementor-column elementor-field-group-field_a98ba81 elementor-col-100\">\n\t\t\t\t\t\t\t\t\t\t\t\t<label for=\"form-field-field_a98ba81\" class=\"elementor-field-label\">\n\t\t\t\t\t\t\t\tFirma\t\t\t\t\t\t\t<\/label>\n\t\t\t\t\t\t\t\t\t\t\t\t\t\t<input size=\"1\" type=\"text\" name=\"form_fields[field_a98ba81]\" id=\"form-field-field_a98ba81\" class=\"elementor-field elementor-size-sm  elementor-field-textual\">\n\t\t\t\t\t\t\t\t\t\t\t<\/div>\n\t\t\t\t\t\t\t\t<div class=\"elementor-field-type-text elementor-field-group elementor-column elementor-field-group-field_170360c elementor-col-100 elementor-field-required elementor-mark-required\">\n\t\t\t\t\t\t\t\t\t\t\t\t<label for=\"form-field-field_170360c\" class=\"elementor-field-label\">\n\t\t\t\t\t\t\t\tEmail\t\t\t\t\t\t\t<\/label>\n\t\t\t\t\t\t\t\t\t\t\t\t\t\t<input size=\"1\" type=\"text\" name=\"form_fields[field_170360c]\" id=\"form-field-field_170360c\" class=\"elementor-field elementor-size-sm  elementor-field-textual\" required=\"required\" aria-required=\"true\">\n\t\t\t\t\t\t\t\t\t\t\t<\/div>\n\t\t\t\t\t\t\t\t<div class=\"elementor-field-type-text elementor-field-group elementor-column elementor-field-group-field_f681c2f elementor-col-100 elementor-field-required elementor-mark-required\">\n\t\t\t\t\t\t\t\t\t\t\t\t<label for=\"form-field-field_f681c2f\" class=\"elementor-field-label\">\n\t\t\t\t\t\t\t\tNachricht\t\t\t\t\t\t\t<\/label>\n\t\t\t\t\t\t\t\t\t\t\t\t\t\t<input size=\"1\" type=\"text\" name=\"form_fields[field_f681c2f]\" id=\"form-field-field_f681c2f\" class=\"elementor-field elementor-size-sm  elementor-field-textual\" required=\"required\" aria-required=\"true\">\n\t\t\t\t\t\t\t\t\t\t\t<\/div>\n\t\t\t\t\t\t\t\t<div class=\"elementor-field-type-recaptcha_v3 elementor-field-group elementor-column elementor-field-group-field_7e92c08 elementor-col-100 recaptcha_v3-inline\">\n\t\t\t\t\t<div class=\"elementor-field\" id=\"form-field-field_7e92c08\"><div class=\"elementor-g-recaptcha\" data-sitekey=\"6Lcj5BsoAAAAALrkZrpUHiyB9vcx25ASMCQoEPUr\" data-type=\"v3\" data-action=\"Form\" data-badge=\"inline\" data-size=\"invisible\"><\/div><\/div>\t\t\t\t<\/div>\n\t\t\t\t\t\t\t\t<div class=\"elementor-field-group elementor-column elementor-field-type-submit elementor-col-100 e-form__buttons\">\n\t\t\t\t\t<button class=\"elementor-button elementor-size-sm\" type=\"submit\">\n\t\t\t\t\t\t<span class=\"elementor-button-content-wrapper\">\n\t\t\t\t\t\t\t\t\t\t\t\t\t\t\t\t\t\t\t\t\t\t<span class=\"elementor-button-text\">Senden<\/span>\n\t\t\t\t\t\t\t\t\t\t\t\t\t<\/span>\n\t\t\t\t\t<\/button>\n\t\t\t\t<\/div>\n\t\t\t<\/div>\n\t\t<\/form>\n\t\t\t\t\t\t<\/div>\n\t\t\t\t<\/div>\n\t\t\t\t\t<\/div>\n\t\t<\/div>\n\t\t\t\t\t<\/div>\n\t\t<\/section>\n\t\t\t\t<section class=\"elementor-section elementor-top-section elementor-element elementor-element-73ec882 elementor-section-full_width elementor-section-stretched elementor-section-height-default elementor-section-height-default\" data-id=\"73ec882\" data-element_type=\"section\" data-e-type=\"section\" data-settings=\"{&quot;stretch_section&quot;:&quot;section-stretched&quot;}\">\n\t\t\t\t\t\t<div class=\"elementor-container elementor-column-gap-default\">\n\t\t\t\t\t<div class=\"elementor-column elementor-col-100 elementor-top-column elementor-element elementor-element-f93a2ad\" data-id=\"f93a2ad\" data-element_type=\"column\" data-e-type=\"column\">\n\t\t\t<div class=\"elementor-widget-wrap elementor-element-populated\">\n\t\t\t\t\t\t<div class=\"elementor-element elementor-element-0343046 elementor-widget elementor-widget-google_maps\" data-id=\"0343046\" data-element_type=\"widget\" data-e-type=\"widget\" data-widget_type=\"google_maps.default\">\n\t\t\t\t<div class=\"elementor-widget-container\">\n\t\t\t\t\t\t\t<div class=\"elementor-custom-embed\">\n\t\t\t<iframe loading=\"lazy\"\n\t\t\t\t\tsrc=\"https:\/\/maps.google.com\/maps?q=Paletten-Service-Dudin&#038;t=m&#038;z=15&#038;output=embed&#038;iwloc=near\"\n\t\t\t\t\ttitle=\"Paletten-Service-Dudin\"\n\t\t\t\t\taria-label=\"Paletten-Service-Dudin\"\n\t\t\t><\/iframe>\n\t\t<\/div>\n\t\t\t\t\t\t<\/div>\n\t\t\t\t<\/div>\n\t\t\t\t\t<\/div>\n\t\t<\/div>\n\t\t\t\t\t<\/div>\n\t\t<\/section>\n\t\t\t\t<\/div>\n\t\t","protected":false},"excerpt":{"rendered":"Wir sind Ihr zuverl\u00e4ssiger Partner f\u00fcr Palettenl\u00f6sungen. Zu den Paletten Paletten-Service-Dudin Kauf und Verkauf von Europaletten, Gitterboxen, Einwegpaletten,&hellip;","protected":false},"author":1,"featured_media":0,"parent":0,"menu_order":0,"comment_status":"closed","ping_status":"closed","template":"elementor_header_footer","meta":{"csco_header_border_transparent":true,"footnotes":""},"class_list":{"0":"post-88","1":"page","2":"type-page","3":"status-publish","5":"cs-entry"},"aioseo_notices":[],"_links":{"self":[{"href":"https:\/\/paletten-service-dudin.de\/de_de\/wp-json\/wp\/v2\/pages\/88","targetHints":{"allow":["GET"]}}],"collection":[{"href":"https:\/\/paletten-service-dudin.de\/de_de\/wp-json\/wp\/v2\/pages"}],"about":[{"href":"https:\/\/paletten-service-dudin.de\/de_de\/wp-json\/wp\/v2\/types\/page"}],"author":[{"embeddable":true,"href":"https:\/\/paletten-service-dudin.de\/de_de\/wp-json\/wp\/v2\/users\/1"}],"replies":[{"embeddable":true,"href":"https:\/\/paletten-service-dudin.de\/de_de\/wp-json\/wp\/v2\/comments?post=88"}],"version-history":[{"count":92,"href":"https:\/\/paletten-service-dudin.de\/de_de\/wp-json\/wp\/v2\/pages\/88\/revisions"}],"predecessor-version":[{"id":1935,"href":"https:\/\/paletten-service-dudin.de\/de_de\/wp-json\/wp\/v2\/pages\/88\/revisions\/1935"}],"wp:attachment":[{"href":"https:\/\/paletten-service-dudin.de\/de_de\/wp-json\/wp\/v2\/media?parent=88"}],"curies":[{"name":"wp","href":"https:\/\/api.w.org\/{rel}","templated":true}]}}