{"id":488,"date":"2023-06-15T06:54:22","date_gmt":"2023-06-15T06:54:22","guid":{"rendered":"https:\/\/cascade.codesupply.co\/clothing\/?page_id=488"},"modified":"2024-06-07T23:59:51","modified_gmt":"2024-06-07T21:59:51","slug":"ankauf","status":"publish","type":"page","link":"https:\/\/paletten-service-dudin.de\/de_de\/ankauf\/","title":{"rendered":"Ankauf"},"content":{"rendered":"\t\t<div data-elementor-type=\"wp-page\" data-elementor-id=\"488\" class=\"elementor elementor-488\" data-elementor-post-type=\"page\">\n\t\t\t\t\t\t<section class=\"elementor-section elementor-top-section elementor-element elementor-element-c2803fc elementor-section-boxed elementor-section-height-default elementor-section-height-default\" data-id=\"c2803fc\" data-element_type=\"section\" data-e-type=\"section\">\n\t\t\t\t\t\t<div class=\"elementor-container elementor-column-gap-default\">\n\t\t\t\t\t<div class=\"elementor-column elementor-col-100 elementor-top-column elementor-element elementor-element-e1222cd\" data-id=\"e1222cd\" data-element_type=\"column\" data-e-type=\"column\">\n\t\t\t<div class=\"elementor-widget-wrap elementor-element-populated\">\n\t\t\t\t\t\t<div class=\"elementor-element elementor-element-67836c7 elementor-widget elementor-widget-cs-about-hero\" data-id=\"67836c7\" data-element_type=\"widget\" data-e-type=\"widget\" data-widget_type=\"cs-about-hero.default\">\n\t\t\t\t<div class=\"elementor-widget-container\">\n\t\t\t\t\t\t\t<section class=\"cs-about-hero cs-about-hero-right cs-about-hero-border-bottom\">\n\t\t\t<div class=\"cs-about-hero__container\">\n\t\t\t\t<div class=\"cs-about-hero__content\">\n\t\t\t\t\t\t\t\t\t\t\t<h1 class=\"cs-about-hero__heading\">\n\t\t\t\t\t\t\tPalettenankauf ganz einfach!\t\t\t\t\t\t<\/h1>\n\t\t\t\t\t\n\t\t\t\t\t\t\t\t\t\t\t<div class=\"cs-about-hero__description\">\n\t\t\t\t\t\t\t<p>Wir bieten Ihnen eine einfache und effiziente L\u00f6sung, um Ihre gebrauchten Paletten loszuwerden und dabei noch profitieren.\u00a0<\/p>\t\t\t\t\t\t<\/div>\n\t\t\t\t\t\t\t\t\t<\/div>\n\n\t\t\t\t\t\t\t\t\t<div class=\"cs-about-hero__image\" >\n\t\t\t\t\t\t<img fetchpriority=\"high\" decoding=\"async\" width=\"856\" height=\"571\" src=\"https:\/\/paletten-service-dudin.de\/wp-content\/uploads\/2023\/08\/Carton_boxes_on_pallet_truck_mockup_01-Kopie-856x571.jpg\" class=\"attachment-csco-medium-uncropped size-csco-medium-uncropped\" alt=\"\" srcset=\"https:\/\/paletten-service-dudin.de\/wp-content\/uploads\/2023\/08\/Carton_boxes_on_pallet_truck_mockup_01-Kopie-856x571.jpg 856w, https:\/\/paletten-service-dudin.de\/wp-content\/uploads\/2023\/08\/Carton_boxes_on_pallet_truck_mockup_01-Kopie-scaled-1200x800.jpg 1200w, https:\/\/paletten-service-dudin.de\/wp-content\/uploads\/2023\/08\/Carton_boxes_on_pallet_truck_mockup_01-Kopie-300x200.jpg 300w, https:\/\/paletten-service-dudin.de\/wp-content\/uploads\/2023\/08\/Carton_boxes_on_pallet_truck_mockup_01-Kopie-1024x683.jpg 1024w, https:\/\/paletten-service-dudin.de\/wp-content\/uploads\/2023\/08\/Carton_boxes_on_pallet_truck_mockup_01-Kopie-768x512.jpg 768w, https:\/\/paletten-service-dudin.de\/wp-content\/uploads\/2023\/08\/Carton_boxes_on_pallet_truck_mockup_01-Kopie-1536x1024.jpg 1536w, https:\/\/paletten-service-dudin.de\/wp-content\/uploads\/2023\/08\/Carton_boxes_on_pallet_truck_mockup_01-Kopie-2048x1365.jpg 2048w, https:\/\/paletten-service-dudin.de\/wp-content\/uploads\/2023\/08\/Carton_boxes_on_pallet_truck_mockup_01-Kopie-306x204.jpg 306w, https:\/\/paletten-service-dudin.de\/wp-content\/uploads\/2023\/08\/Carton_boxes_on_pallet_truck_mockup_01-Kopie-612x408.jpg 612w, https:\/\/paletten-service-dudin.de\/wp-content\/uploads\/2023\/08\/Carton_boxes_on_pallet_truck_mockup_01-Kopie-1296x864.jpg 1296w, https:\/\/paletten-service-dudin.de\/wp-content\/uploads\/2023\/08\/Carton_boxes_on_pallet_truck_mockup_01-Kopie-2592x1728.jpg 2592w, https:\/\/paletten-service-dudin.de\/wp-content\/uploads\/2023\/08\/Carton_boxes_on_pallet_truck_mockup_01-Kopie-scaled.jpg 2560w\" sizes=\"(max-width: 856px) 100vw, 856px\" \/>\t\t\t\t\t<\/div>\n\t\t\t\t\t\t\t<\/div>\n\t\t<\/section>\n\t\t\t\t\t\t<\/div>\n\t\t\t\t<\/div>\n\t\t\t\t\t<\/div>\n\t\t<\/div>\n\t\t\t\t\t<\/div>\n\t\t<\/section>\n\t\t\t\t<section class=\"elementor-section elementor-top-section elementor-element elementor-element-795290b elementor-section-boxed elementor-section-height-default elementor-section-height-default\" data-id=\"795290b\" data-element_type=\"section\" data-e-type=\"section\">\n\t\t\t\t\t\t<div class=\"elementor-container elementor-column-gap-default\">\n\t\t\t\t\t<div class=\"elementor-column elementor-col-100 elementor-top-column elementor-element elementor-element-ebba0ea\" data-id=\"ebba0ea\" data-element_type=\"column\" data-e-type=\"column\">\n\t\t\t<div class=\"elementor-widget-wrap elementor-element-populated\">\n\t\t\t\t\t\t<div class=\"elementor-element elementor-element-e2d0f69 elementor-widget elementor-widget-cs-about-article\" data-id=\"e2d0f69\" data-element_type=\"widget\" data-e-type=\"widget\" data-widget_type=\"cs-about-article.default\">\n\t\t\t\t<div class=\"elementor-widget-container\">\n\t\t\t\t\t\t\t<section class=\"cs-about-article\">\n\t\t\t<div class=\"cs-about-article__container\">\n\t\t\t\t<div class=\"cs-about-article__content\">\n\t\t\t\t\t\t\t\t\t\t\t<div class=\"cs-about-article__article\">\n\t\t\t\t\t\t\t<p>Unabh\u00e4ngig von der Gr\u00f6\u00dfe Ihres Unternehmens oder der Menge der Paletten, die Sie zur Verf\u00fcgung haben, sind wir Ihr verl\u00e4sslicher Partner f\u00fcr einen reibungslosen Ankaufsprozess.<\/p><p><strong>Warum sollten Sie uns w\u00e4hlen?<\/strong><\/p><ol><li><p><strong>Schnelle und unkomplizierte Abwicklung:<\/strong> Mit unserem Ankaufsservice sparen Sie Zeit und M\u00fche. Wir machen den Prozess so einfach wie m\u00f6glich, damit Sie sich auf Ihr Kerngesch\u00e4ft konzentrieren k\u00f6nnen.<\/p><\/li><li><p><strong>Wettbewerbsf\u00e4hige Preise:<\/strong> Wir bieten faire und wettbewerbsf\u00e4hige Preise f\u00fcr Ihre gebrauchten Paletten. Nutzen Sie die Gelegenheit, aus nicht mehr ben\u00f6tigten Paletten noch Wert zu sch\u00f6pfen.<\/p><\/li><li><p><strong>Umweltbewusstsein:<\/strong> Durch den Verkauf gebrauchter Paletten tragen Sie aktiv zur Reduzierung von Abfall bei und leisten einen Beitrag zum Umweltschutz.<\/p><\/li><\/ol>\t\t\t\t\t\t<\/div>\n\t\t\t\t\t\n\t\t\t\t\t\t\t\t\t\t\t<div class=\"cs-about-article__author\">\n\t\t\t\t\t\t\t\t\t\t\t\t\t\t\t<div class=\"cs-about-article__avatar\">\n\t\t\t\t\t\t\t\t\t<img decoding=\"async\" width=\"306\" height=\"306\" src=\"https:\/\/paletten-service-dudin.de\/wp-content\/uploads\/2023\/08\/cropped-psd_logo-1-1-306x306.jpg\" class=\"attachment-csco-thumbnail-uncropped size-csco-thumbnail-uncropped\" alt=\"\" srcset=\"https:\/\/paletten-service-dudin.de\/wp-content\/uploads\/2023\/08\/cropped-psd_logo-1-1-306x306.jpg 306w, https:\/\/paletten-service-dudin.de\/wp-content\/uploads\/2023\/08\/cropped-psd_logo-1-1-300x300.jpg 300w, https:\/\/paletten-service-dudin.de\/wp-content\/uploads\/2023\/08\/cropped-psd_logo-1-1-150x150.jpg 150w, https:\/\/paletten-service-dudin.de\/wp-content\/uploads\/2023\/08\/cropped-psd_logo-1-1-100x100.jpg 100w, https:\/\/paletten-service-dudin.de\/wp-content\/uploads\/2023\/08\/cropped-psd_logo-1-1-200x200.jpg 200w, https:\/\/paletten-service-dudin.de\/wp-content\/uploads\/2023\/08\/cropped-psd_logo-1-1-270x270.jpg 270w, https:\/\/paletten-service-dudin.de\/wp-content\/uploads\/2023\/08\/cropped-psd_logo-1-1-192x192.jpg 192w, https:\/\/paletten-service-dudin.de\/wp-content\/uploads\/2023\/08\/cropped-psd_logo-1-1-180x180.jpg 180w, https:\/\/paletten-service-dudin.de\/wp-content\/uploads\/2023\/08\/cropped-psd_logo-1-1-32x32.jpg 32w, https:\/\/paletten-service-dudin.de\/wp-content\/uploads\/2023\/08\/cropped-psd_logo-1-1.jpg 512w\" sizes=\"(max-width: 306px) 100vw, 306px\" \/>\t\t\t\t\t\t\t\t<\/div>\n\t\t\t\t\t\t\t\t\t\t\t\t\t\t\t\t\t\t\t\t\t\t<div class=\"cs-about-article__meta\">\n\t\t\t\t\t\t\t\t\t\t\t\t\t\t\t\t\t\t\t<div class=\"cs-about-article__authorname\">\n\t\t\t\t\t\t\t\t\t\t\tPaletten-Service-Dudin\t\t\t\t\t\t\t\t\t\t<\/div>\n\t\t\t\t\t\t\t\t\t\t\t\t\t\t\t\t\t\t\t\t\t\t\t\t\t\t\t\t<div class=\"cs-about-article__info\">\n\t\t\t\t\t\t\t\t\t\t\tIhr Team\t\t\t\t\t\t\t\t\t\t<\/div>\n\t\t\t\t\t\t\t\t\t\t\t\t\t\t\t\t\t<\/div>\n\t\t\t\t\t\t\t\t\t\t\t\t\t<\/div>\n\t\t\t\t\t\t\t\t\t<\/div>\n\t\t\t<\/div>\n\t\t<\/section>\n\t\t\t\t\t\t<\/div>\n\t\t\t\t<\/div>\n\t\t\t\t<div class=\"elementor-element elementor-element-d85e830 elementor-align-justify elementor-widget elementor-widget-button\" data-id=\"d85e830\" data-element_type=\"widget\" data-e-type=\"widget\" data-widget_type=\"button.default\">\n\t\t\t\t<div class=\"elementor-widget-container\">\n\t\t\t\t\t\t\t\t\t<div class=\"elementor-button-wrapper\">\n\t\t\t\t\t<a class=\"elementor-button elementor-button-link elementor-size-lg\" href=\"#angebot\">\n\t\t\t\t\t\t<span class=\"elementor-button-content-wrapper\">\n\t\t\t\t\t\t\t\t\t<span class=\"elementor-button-text\">Jetzt Angebot f\u00fcr Ihre Paletten einholen<\/span>\n\t\t\t\t\t<\/span>\n\t\t\t\t\t<\/a>\n\t\t\t\t<\/div>\n\t\t\t\t\t\t\t\t<\/div>\n\t\t\t\t<\/div>\n\t\t\t\t<div class=\"elementor-element elementor-element-4299697 elementor-widget elementor-widget-text-editor\" data-id=\"4299697\" data-element_type=\"widget\" data-e-type=\"widget\" data-widget_type=\"text-editor.default\">\n\t\t\t\t<div class=\"elementor-widget-container\">\n\t\t\t\t\t\t\t\t\t<p><strong>Unser Ankaufsprozess in drei einfachen Schritten:<\/strong><\/p><p><strong>1. Kontaktieren Sie uns:<\/strong> F\u00fcllen Sie das Kontaktformular aus oder rufen Sie uns an, um uns Details \u00fcber die Paletten zu geben, die Sie verkaufen m\u00f6chten.<\/p><p><strong>2. Angebot erhalten:<\/strong> Unsere Experten bewerten Ihre Paletten und senden Ihnen ein faires Angebot basierend auf Menge, Zustand und Art der Paletten.<\/p><p><strong>3. Abholung und Bezahlung:<\/strong> Nach Ihrer Zustimmung organisieren wir die Abholung der Paletten. Sie erhalten die Zahlung gem\u00e4\u00df unseren Vereinbarungen.<\/p><p>Wir kaufen verschiedene Arten von Paletten an, einschlie\u00dflich Europaletten, Einwegpaletten und mehr. Egal ob Sie ein kleines Unternehmen oder eine gro\u00dfe Einrichtung sind, wir sind darauf spezialisiert, L\u00f6sungen anzubieten, die Ihren Anforderungen entsprechen.<\/p><p><strong>Nutzen Sie unsere einfache und rentable L\u00f6sung f\u00fcr den Paletten-Ankauf. Kontaktieren Sie uns noch heute, um den Prozess zu starten!<\/strong><\/p>\t\t\t\t\t\t\t\t<\/div>\n\t\t\t\t<\/div>\n\t\t\t\t\t<\/div>\n\t\t<\/div>\n\t\t\t\t\t<\/div>\n\t\t<\/section>\n\t\t\t\t<section class=\"elementor-section elementor-top-section elementor-element elementor-element-af23103 elementor-section-boxed elementor-section-height-default elementor-section-height-default\" data-id=\"af23103\" data-element_type=\"section\" data-e-type=\"section\">\n\t\t\t\t\t\t<div class=\"elementor-container elementor-column-gap-default\">\n\t\t\t\t\t<div class=\"elementor-column elementor-col-100 elementor-top-column elementor-element elementor-element-d6e3f8f\" data-id=\"d6e3f8f\" data-element_type=\"column\" data-e-type=\"column\">\n\t\t\t<div class=\"elementor-widget-wrap elementor-element-populated\">\n\t\t\t\t\t\t<div class=\"elementor-element elementor-element-36fe455 elementor-button-align-stretch elementor-widget elementor-widget-form\" data-id=\"36fe455\" data-element_type=\"widget\" data-e-type=\"widget\" data-settings=\"{&quot;step_next_label&quot;:&quot;Next&quot;,&quot;step_previous_label&quot;:&quot;Previous&quot;,&quot;button_width&quot;:&quot;100&quot;,&quot;step_type&quot;:&quot;number_text&quot;,&quot;step_icon_shape&quot;:&quot;circle&quot;}\" data-widget_type=\"form.default\">\n\t\t\t\t<div class=\"elementor-widget-container\">\n\t\t\t\t\t\t\t<form class=\"elementor-form\" method=\"post\" name=\"Palettenankauf\">\n\t\t\t<input type=\"hidden\" name=\"post_id\" value=\"488\"\/>\n\t\t\t<input type=\"hidden\" name=\"form_id\" value=\"36fe455\"\/>\n\t\t\t<input type=\"hidden\" name=\"referer_title\" value=\"Ankauf - Paletten-Service-Dudin\" \/>\n\n\t\t\t\t\t\t\t<input type=\"hidden\" name=\"queried_id\" value=\"488\"\/>\n\t\t\t\n\t\t\t<div class=\"elementor-form-fields-wrapper elementor-labels-above\">\n\t\t\t\t\t\t\t\t<div class=\"elementor-field-type-text elementor-field-group elementor-column elementor-field-group-name elementor-col-50\">\n\t\t\t\t\t\t\t\t\t\t\t\t<label for=\"form-field-name\" class=\"elementor-field-label\">\n\t\t\t\t\t\t\t\tName\t\t\t\t\t\t\t<\/label>\n\t\t\t\t\t\t\t\t\t\t\t\t\t\t<input size=\"1\" type=\"text\" name=\"form_fields[name]\" id=\"form-field-name\" class=\"elementor-field elementor-size-sm  elementor-field-textual\" placeholder=\"Name\">\n\t\t\t\t\t\t\t\t\t\t\t<\/div>\n\t\t\t\t\t\t\t\t<div class=\"elementor-field-type-text elementor-field-group elementor-column elementor-field-group-field_462f95d elementor-col-50\">\n\t\t\t\t\t\t\t\t\t\t\t\t<label for=\"form-field-field_462f95d\" class=\"elementor-field-label\">\n\t\t\t\t\t\t\t\tFirma\t\t\t\t\t\t\t<\/label>\n\t\t\t\t\t\t\t\t\t\t\t\t\t\t<input size=\"1\" type=\"text\" name=\"form_fields[field_462f95d]\" id=\"form-field-field_462f95d\" class=\"elementor-field elementor-size-sm  elementor-field-textual\" placeholder=\"Firma\">\n\t\t\t\t\t\t\t\t\t\t\t<\/div>\n\t\t\t\t\t\t\t\t<div class=\"elementor-field-type-email elementor-field-group elementor-column elementor-field-group-email elementor-col-50 elementor-field-required\">\n\t\t\t\t\t\t\t\t\t\t\t\t<label for=\"form-field-email\" class=\"elementor-field-label\">\n\t\t\t\t\t\t\t\tEmail\t\t\t\t\t\t\t<\/label>\n\t\t\t\t\t\t\t\t\t\t\t\t\t\t<input size=\"1\" type=\"email\" name=\"form_fields[email]\" id=\"form-field-email\" class=\"elementor-field elementor-size-sm  elementor-field-textual\" placeholder=\"Email\" required=\"required\" aria-required=\"true\">\n\t\t\t\t\t\t\t\t\t\t\t<\/div>\n\t\t\t\t\t\t\t\t<div class=\"elementor-field-type-tel elementor-field-group elementor-column elementor-field-group-field_a71b943 elementor-col-50\">\n\t\t\t\t\t\t\t\t\t\t\t\t<label for=\"form-field-field_a71b943\" class=\"elementor-field-label\">\n\t\t\t\t\t\t\t\tTelefon\t\t\t\t\t\t\t<\/label>\n\t\t\t\t\t\t\t\t<input size=\"1\" type=\"tel\" name=\"form_fields[field_a71b943]\" id=\"form-field-field_a71b943\" class=\"elementor-field elementor-size-sm  elementor-field-textual\" placeholder=\"Telefonnummer\" pattern=\"[0-9()#&amp;+*-=.]+\" title=\"Nur Nummern oder Telefon-Zeichen (#, -, *, etc) werden akzeptiert.\">\n\n\t\t\t\t\t\t<\/div>\n\t\t\t\t\t\t\t\t<div class=\"elementor-field-type-select elementor-field-group elementor-column elementor-field-group-field_88b9656 elementor-col-33 elementor-field-required\">\n\t\t\t\t\t\t\t\t\t\t\t\t<label for=\"form-field-field_88b9656\" class=\"elementor-field-label\">\n\t\t\t\t\t\t\t\tWas wollen Sie verkaufen?\t\t\t\t\t\t\t<\/label>\n\t\t\t\t\t\t\t\t<div class=\"elementor-field elementor-select-wrapper remove-before \">\n\t\t\t<div class=\"select-caret-down-wrapper\">\n\t\t\t\t<i aria-hidden=\"true\" class=\"eicon-caret-down\"><\/i>\t\t\t<\/div>\n\t\t\t<select name=\"form_fields[field_88b9656]\" id=\"form-field-field_88b9656\" class=\"elementor-field-textual elementor-size-sm\" required=\"required\" aria-required=\"true\">\n\t\t\t\t\t\t\t\t\t<option value=\"Einwegpaletten\">Einwegpaletten<\/option>\n\t\t\t\t\t\t\t\t\t<option value=\"Europaletten\">Europaletten<\/option>\n\t\t\t\t\t\t\t\t\t<option value=\"Gitterboxen\">Gitterboxen<\/option>\n\t\t\t\t\t\t\t<\/select>\n\t\t<\/div>\n\t\t\t\t\t\t<\/div>\n\t\t\t\t\t\t\t\t<div class=\"elementor-field-type-select elementor-field-group elementor-column elementor-field-group-field_8388bed elementor-col-33\">\n\t\t\t\t\t\t\t\t\t\t\t\t<label for=\"form-field-field_8388bed\" class=\"elementor-field-label\">\n\t\t\t\t\t\t\t\tZustand\t\t\t\t\t\t\t<\/label>\n\t\t\t\t\t\t\t\t<div class=\"elementor-field elementor-select-wrapper remove-before \">\n\t\t\t<div class=\"select-caret-down-wrapper\">\n\t\t\t\t<i aria-hidden=\"true\" class=\"eicon-caret-down\"><\/i>\t\t\t<\/div>\n\t\t\t<select name=\"form_fields[field_8388bed]\" id=\"form-field-field_8388bed\" class=\"elementor-field-textual elementor-size-sm\">\n\t\t\t\t\t\t\t\t\t<option value=\"Gebraucht\">Gebraucht<\/option>\n\t\t\t\t\t\t\t\t\t<option value=\"Neu\">Neu<\/option>\n\t\t\t\t\t\t\t\t\t<option value=\"Neuwertig\">Neuwertig<\/option>\n\t\t\t\t\t\t\t\t\t<option value=\"Gemischt (neu &amp; gebraucht)\">Gemischt (neu &amp; gebraucht)<\/option>\n\t\t\t\t\t\t\t<\/select>\n\t\t<\/div>\n\t\t\t\t\t\t<\/div>\n\t\t\t\t\t\t\t\t<div class=\"elementor-field-type-number elementor-field-group elementor-column elementor-field-group-field_32049b3 elementor-col-33 elementor-field-required\">\n\t\t\t\t\t\t\t\t\t\t\t\t<label for=\"form-field-field_32049b3\" class=\"elementor-field-label\">\n\t\t\t\t\t\t\t\tAnzahl an Paletten\t\t\t\t\t\t\t<\/label>\n\t\t\t\t\t\t\t\t\t<input type=\"number\" name=\"form_fields[field_32049b3]\" id=\"form-field-field_32049b3\" class=\"elementor-field elementor-size-sm  elementor-field-textual\" placeholder=\"10\" required=\"required\" aria-required=\"true\" min=\"1\" max=\"1000000\" >\n\t\t\t\t\t\t<\/div>\n\t\t\t\t\t\t\t\t<div class=\"elementor-field-type-select elementor-field-group elementor-column elementor-field-group-field_bf2daa2 elementor-col-100\">\n\t\t\t\t\t\t\t\t\t\t\t\t<label for=\"form-field-field_bf2daa2\" class=\"elementor-field-label\">\n\t\t\t\t\t\t\t\tW\u00fcnschen Sie ein Abholservice?\t\t\t\t\t\t\t<\/label>\n\t\t\t\t\t\t\t\t<div class=\"elementor-field elementor-select-wrapper remove-before \">\n\t\t\t<div class=\"select-caret-down-wrapper\">\n\t\t\t\t<i aria-hidden=\"true\" class=\"eicon-caret-down\"><\/i>\t\t\t<\/div>\n\t\t\t<select name=\"form_fields[field_bf2daa2]\" id=\"form-field-field_bf2daa2\" class=\"elementor-field-textual elementor-size-sm\">\n\t\t\t\t\t\t\t\t\t<option value=\"Ja, ich m\u00f6chte das die Paletten abgeholt werden.\">Ja, ich m\u00f6chte das die Paletten abgeholt werden.<\/option>\n\t\t\t\t\t\t\t\t\t<option value=\"Nein, ich transportiere die Paletten selbst zu Ihnen\">Nein, ich transportiere die Paletten selbst zu Ihnen<\/option>\n\t\t\t\t\t\t\t<\/select>\n\t\t<\/div>\n\t\t\t\t\t\t<\/div>\n\t\t\t\t\t\t\t\t<div class=\"elementor-field-type-textarea elementor-field-group elementor-column elementor-field-group-message elementor-col-100\">\n\t\t\t\t\t\t\t\t\t\t\t\t<label for=\"form-field-message\" class=\"elementor-field-label\">\n\t\t\t\t\t\t\t\tNachricht\t\t\t\t\t\t\t<\/label>\n\t\t\t\t\t\t<textarea class=\"elementor-field-textual elementor-field  elementor-size-sm\" name=\"form_fields[message]\" id=\"form-field-message\" rows=\"4\" placeholder=\"Ihre Nachricht an uns\"><\/textarea>\t\t\t\t<\/div>\n\t\t\t\t\t\t\t\t<div class=\"elementor-field-type-recaptcha_v3 elementor-field-group elementor-column elementor-field-group-field_a6630bd elementor-col-100 recaptcha_v3-bottomright\">\n\t\t\t\t\t<div class=\"elementor-field\" id=\"form-field-field_a6630bd\"><div class=\"elementor-g-recaptcha\" data-sitekey=\"6Lcj5BsoAAAAALrkZrpUHiyB9vcx25ASMCQoEPUr\" data-type=\"v3\" data-action=\"Form\" data-badge=\"bottomright\" data-size=\"invisible\"><\/div><\/div>\t\t\t\t<\/div>\n\t\t\t\t\t\t\t\t<div class=\"elementor-field-group elementor-column elementor-field-type-submit elementor-col-100 e-form__buttons\">\n\t\t\t\t\t<button class=\"elementor-button elementor-size-md\" type=\"submit\">\n\t\t\t\t\t\t<span class=\"elementor-button-content-wrapper\">\n\t\t\t\t\t\t\t\t\t\t\t\t\t\t\t\t\t\t\t\t\t\t<span class=\"elementor-button-text\">Unverbindlich anfragen<\/span>\n\t\t\t\t\t\t\t\t\t\t\t\t\t<\/span>\n\t\t\t\t\t<\/button>\n\t\t\t\t<\/div>\n\t\t\t<\/div>\n\t\t<\/form>\n\t\t\t\t\t\t<\/div>\n\t\t\t\t<\/div>\n\t\t\t\t\t<\/div>\n\t\t<\/div>\n\t\t\t\t\t<\/div>\n\t\t<\/section>\n\t\t\t\t<\/div>\n\t\t","protected":false},"excerpt":{"rendered":"Palettenankauf ganz einfach! Wir bieten Ihnen eine einfache und effiziente L\u00f6sung, um Ihre gebrauchten Paletten loszuwerden und dabei&hellip;","protected":false},"author":1,"featured_media":0,"parent":0,"menu_order":0,"comment_status":"closed","ping_status":"closed","template":"elementor_header_footer","meta":{"csco_header_border_transparent":false,"footnotes":""},"class_list":{"0":"post-488","1":"page","2":"type-page","3":"status-publish","5":"cs-entry"},"aioseo_notices":[],"_links":{"self":[{"href":"https:\/\/paletten-service-dudin.de\/de_de\/wp-json\/wp\/v2\/pages\/488","targetHints":{"allow":["GET"]}}],"collection":[{"href":"https:\/\/paletten-service-dudin.de\/de_de\/wp-json\/wp\/v2\/pages"}],"about":[{"href":"https:\/\/paletten-service-dudin.de\/de_de\/wp-json\/wp\/v2\/types\/page"}],"author":[{"embeddable":true,"href":"https:\/\/paletten-service-dudin.de\/de_de\/wp-json\/wp\/v2\/users\/1"}],"replies":[{"embeddable":true,"href":"https:\/\/paletten-service-dudin.de\/de_de\/wp-json\/wp\/v2\/comments?post=488"}],"version-history":[{"count":23,"href":"https:\/\/paletten-service-dudin.de\/de_de\/wp-json\/wp\/v2\/pages\/488\/revisions"}],"predecessor-version":[{"id":1288,"href":"https:\/\/paletten-service-dudin.de\/de_de\/wp-json\/wp\/v2\/pages\/488\/revisions\/1288"}],"wp:attachment":[{"href":"https:\/\/paletten-service-dudin.de\/de_de\/wp-json\/wp\/v2\/media?parent=488"}],"curies":[{"name":"wp","href":"https:\/\/api.w.org\/{rel}","templated":true}]}}