{"id":998,"date":"2023-08-28T16:42:42","date_gmt":"2023-08-28T14:42:42","guid":{"rendered":"https:\/\/paletten-service-dudin.de\/?post_type=product&#038;p=998"},"modified":"2024-06-08T15:40:17","modified_gmt":"2024-06-08T13:40:17","slug":"palettenaufsatzrahmen","status":"publish","type":"product","link":"https:\/\/paletten-service-dudin.de\/cs\/shop\/boxen\/palettenausatzrahmen\/palettenaufsatzrahmen\/","title":{"rendered":"R\u00e1m pro p\u0159ipevn\u011bn\u00ed palety"},"content":{"rendered":"<p>Maximalizujte kapacitu sv\u00e9ho n\u00e1kladov\u00e9ho prostoru pomoc\u00ed na\u0161ich r\u00e1m\u016f pro p\u0159ipevn\u011bn\u00ed palet. Tyto r\u00e1my se snadno vejdou na st\u00e1vaj\u00edc\u00ed palety a poskytuj\u00ed dodate\u010dnou v\u00fd\u0161ku pro p\u0159epravu nebo skladov\u00e1n\u00ed v\u011bt\u0161\u00edho mno\u017estv\u00ed zbo\u017e\u00ed. Jsou k dispozici v r\u016fzn\u00fdch v\u00fd\u0161k\u00e1ch a lze je flexibiln\u011b p\u0159izp\u016fsobit va\u0161im po\u017eadavk\u016fm.<\/p>","protected":false},"excerpt":{"rendered":"&nbsp;\n\ud83d\ude9a Direktanlieferung im Umkreis von 200 km\n\u2705 Entdecken Sie unsere vielf\u00e4ltigen L\u00f6sungen f\u00fcr den Palettenbedarf\n\u2705 Vertrauen Sie auf Qualit\u00e4t und Erfahrung f\u00fcr Ihren Warentransport\n\u2705 Kontaktieren Sie uns f\u00fcr ma\u00dfgeschneiderte Palettenl\u00f6sungen","protected":false},"featured_media":1145,"comment_status":"open","ping_status":"closed","template":"","meta":[],"product_brand":[],"product_cat":[15],"product_tag":[],"class_list":{"0":"post-998","1":"product","2":"type-product","3":"status-publish","4":"has-post-thumbnail","6":"product_cat-palettenausatzrahmen","7":"cs-entry","9":"first","10":"instock","11":"taxable","12":"shipping-taxable","13":"purchasable","14":"product-type-simple"},"aioseo_notices":[],"_links":{"self":[{"href":"https:\/\/paletten-service-dudin.de\/cs\/wp-json\/wp\/v2\/product\/998","targetHints":{"allow":["GET"]}}],"collection":[{"href":"https:\/\/paletten-service-dudin.de\/cs\/wp-json\/wp\/v2\/product"}],"about":[{"href":"https:\/\/paletten-service-dudin.de\/cs\/wp-json\/wp\/v2\/types\/product"}],"replies":[{"embeddable":true,"href":"https:\/\/paletten-service-dudin.de\/cs\/wp-json\/wp\/v2\/comments?post=998"}],"wp:featuredmedia":[{"embeddable":true,"href":"https:\/\/paletten-service-dudin.de\/cs\/wp-json\/wp\/v2\/media\/1145"}],"wp:attachment":[{"href":"https:\/\/paletten-service-dudin.de\/cs\/wp-json\/wp\/v2\/media?parent=998"}],"wp:term":[{"taxonomy":"product_brand","embeddable":true,"href":"https:\/\/paletten-service-dudin.de\/cs\/wp-json\/wp\/v2\/product_brand?post=998"},{"taxonomy":"product_cat","embeddable":true,"href":"https:\/\/paletten-service-dudin.de\/cs\/wp-json\/wp\/v2\/product_cat?post=998"},{"taxonomy":"product_tag","embeddable":true,"href":"https:\/\/paletten-service-dudin.de\/cs\/wp-json\/wp\/v2\/product_tag?post=998"}],"curies":[{"name":"wp","href":"https:\/\/api.w.org\/{rel}","templated":true}]}}